{"id":1203,"date":"2020-11-20T16:32:37","date_gmt":"2020-11-20T16:32:37","guid":{"rendered":"https:\/\/mesquedisseny.com\/?page_id=1203"},"modified":"2022-01-03T12:39:17","modified_gmt":"2022-01-03T12:39:17","slug":"que-es-el-feng-shui","status":"publish","type":"page","link":"https:\/\/mesquedisseny.com\/index.php\/que-es-el-feng-shui\/","title":{"rendered":"Qu\u00e9 es el Feng Shui?"},"content":{"rendered":"\n<p><strong>Feng Shui<\/strong> es el arte chino de la orientaci\u00f3n. Se practica ordenando los objetos dentro del espacio para generar <strong>armon\u00eda<\/strong> y la <strong>consecuci\u00f3n de logros<\/strong> concretos. Para ello se usa un mapa anat\u00f3mico de la casa, llamado Bagua, que divide el espacio en nueve \u00e1reas iguales pero que tienen un valor e influencia diferente. Cada una de las \u00e1reas del Bagua corresponde con un \u00e1rea de la vida de los habitantes y tiene asociado unos colores, materiales y formas espec\u00edficos. Si el ajuste entre los distintos elementos se realiza de forma correcta, el resultado es un lugar arm\u00f3nico, agradable para vivir o trabajar, donde las relaciones son fluidas y hay un ambiente de paz. La distribuci\u00f3n de las \u00e1reas es fija y se realiza orient\u00e1ndolas desde la puerta o lugar de entrada al espacio sea vivienda, local o habitaci\u00f3n.<\/p>\n\n\n\n<div style=\"height:37px\" aria-hidden=\"true\" class=\"wp-block-spacer\"><\/div>\n\n\n\n<figure class=\"wp-block-table aligncenter is-style-regular\"><table class=\"has-background\" style=\"background-color:#f3f4f5\"><tbody><tr><td class=\"has-text-align-center\" data-align=\"center\"><strong>RIQUEZA Y PROSPERIDAD<\/strong><\/td><td class=\"has-text-align-center\" data-align=\"center\"><strong>FAMA Y REPUTACI\u00d3N<\/strong><\/td><td class=\"has-text-align-center\" data-align=\"center\"><strong>AMOR Y MATRIMONIO<\/strong><\/td><\/tr><tr><td class=\"has-text-align-center\" data-align=\"center\"><strong>SALUD Y FAMILIA<\/strong><\/td><td class=\"has-text-align-center\" data-align=\"center\"><strong>CENTRO<\/strong><\/td><td class=\"has-text-align-center\" data-align=\"center\"><strong>CREATIVIDAD E HIJOS<\/strong><\/td><\/tr><tr><td class=\"has-text-align-center\" data-align=\"center\"><strong>SABER Y CULTURA<\/strong><\/td><td class=\"has-text-align-center\" data-align=\"center\"><strong>CARRERA PROFESIONAL<\/strong><\/td><td class=\"has-text-align-center\" data-align=\"center\"><strong>PERSONAS \u00daTILES<\/strong><\/td><\/tr><\/tbody><\/table><figcaption>Mapa Bagua<\/figcaption><\/figure>\n\n\n\n<div style=\"height:39px\" aria-hidden=\"true\" class=\"wp-block-spacer\"><\/div>\n\n\n\n<p>La <strong>forma del espacio<\/strong> es especialmente importante, ya que, de acuerdo al Feng Shui, se considera como la mejor una forma regular de la vivienda, porque evita las zonas ausentes que har\u00e1n que el \u00e1rea correspondiente del Bagua, y por tanto de la vida, se vea sometida a dificultades. Por otra parte, si se da una parte de la vivienda que sobresale, se la considera un refuerzo que tiene una influencia favorable sobre el \u00e1rea correspondiente.<\/p>\n\n\n\n<p>El uso de los objetos, colores y materiales dentro de la casa se hace siguiendo un principio similar al de la acupuntura: buscar la zona adecuada para situar en ella un elemento que active la energ\u00eda bloqueada o parada y permita as\u00ed un cambio en el \u00e1rea correspondiente de la vida de los habitantes.<\/p>\n\n\n\n<p>Las reglas del Feng Shui se aplican de una forma similar a la de los grupos de alimentaci\u00f3n diet\u00e9tica, por semejanzas y combinaciones entre afines. Y en ello no tiene ning\u00fan papel relevante la fe o la sugesti\u00f3n, sino la acertada combinaci\u00f3n entre elementos y lugares f\u00edsicos siguiendo unas reglas milenarias.<\/p>\n\n\n\n<div style=\"height:36px\" aria-hidden=\"true\" class=\"wp-block-spacer\"><\/div>\n\n\n\n<p><\/p>\n\n\n\n<blockquote class=\"wp-block-quote is-style-default\"><p>Tal y como est\u00e1 tu casa est\u00e1s t\u00fa.<\/p><cite>Mar\u00eda C. Fdez.<\/cite><\/blockquote>\n\n\n\n<div style=\"height:30px\" aria-hidden=\"true\" class=\"wp-block-spacer\"><\/div>\n\n\n\n<p>Esta <strong>t\u00e9cnica ancestral<\/strong> se utiliza para armonizar la vida y ayuda a lograr tus objetivos y conseguir resultados. Est\u00e1 basada en el manejo del Chi, modera su corriente. El <strong>Chi<\/strong> es una energ\u00eda f\u00edsica inmaterial, no es algo espiritual. Funciona como el aire y como el agua a la vez, y su tendencia natural es entrar por la puerta y salir por la ventana. El Chi en un espacio cerrado tiende a salir, se mueve dentro del espacio y sale hacia afuera.<\/p>\n\n\n\n<div style=\"height:33px\" aria-hidden=\"true\" class=\"wp-block-spacer\"><\/div>\n\n\n\n<blockquote class=\"wp-block-quote is-style-default\"><p>Todo est\u00e1 vivo, todo posee su propio Chi.<\/p><p>Todo est\u00e1 relacionado.<\/p><p>Todo cambia. Si no hay cambio, no hay Feng Shui<\/p><\/blockquote>\n\n\n\n<p><\/p>\n","protected":false},"excerpt":{"rendered":"<p>Feng Shui es el arte chino de la orientaci\u00f3n. Se practica ordenando los objetos dentro del espacio para generar armon\u00eda y la consecuci\u00f3n de logros concretos. Para ello se usa un mapa anat\u00f3mico de la casa, llamado Bagua, que divide el espacio en nueve \u00e1reas iguales pero que tienen un valor e influencia diferente. Cada [&hellip;]<\/p>\n","protected":false},"author":1,"featured_media":0,"parent":0,"menu_order":0,"comment_status":"closed","ping_status":"closed","template":"","meta":[],"_links":{"self":[{"href":"https:\/\/mesquedisseny.com\/index.php\/wp-json\/wp\/v2\/pages\/1203"}],"collection":[{"href":"https:\/\/mesquedisseny.com\/index.php\/wp-json\/wp\/v2\/pages"}],"about":[{"href":"https:\/\/mesquedisseny.com\/index.php\/wp-json\/wp\/v2\/types\/page"}],"author":[{"embeddable":true,"href":"https:\/\/mesquedisseny.com\/index.php\/wp-json\/wp\/v2\/users\/1"}],"replies":[{"embeddable":true,"href":"https:\/\/mesquedisseny.com\/index.php\/wp-json\/wp\/v2\/comments?post=1203"}],"version-history":[{"count":16,"href":"https:\/\/mesquedisseny.com\/index.php\/wp-json\/wp\/v2\/pages\/1203\/revisions"}],"predecessor-version":[{"id":3047,"href":"https:\/\/mesquedisseny.com\/index.php\/wp-json\/wp\/v2\/pages\/1203\/revisions\/3047"}],"wp:attachment":[{"href":"https:\/\/mesquedisseny.com\/index.php\/wp-json\/wp\/v2\/media?parent=1203"}],"curies":[{"name":"wp","href":"https:\/\/api.w.org\/{rel}","templated":true}]}}