{"id":1205,"date":"2020-11-20T16:32:37","date_gmt":"2020-11-20T16:32:37","guid":{"rendered":"https:\/\/mesquedisseny.com\/?page_id=1205"},"modified":"2022-01-03T12:40:47","modified_gmt":"2022-01-03T12:40:47","slug":"en-que-consiste-una-consulta","status":"publish","type":"page","link":"https:\/\/mesquedisseny.com\/index.php\/en-que-consiste-una-consulta\/","title":{"rendered":"En qu\u00e9 consiste una consulta?"},"content":{"rendered":"\n<p>Una <strong>consulta<\/strong> de Feng Shui consiste en realizar una primera entrevista con el cliente en la que se habla de sus inquietudes en cuanto a objetivos personales a conseguir a trav\u00e9s del Feng Shui, a continuaci\u00f3n se realiza una visita a la vivienda o negocio objeto de an\u00e1lisis para observar el estado arm\u00f3nico del espacio e identificar posibles problemas. Y, con la ayuda del plano de la vivienda, posteriormente se realiza un <strong>informe<\/strong> que contiene una propuesta con los posibles remedios a aplicar en el espacio y un an\u00e1lisis de la situaci\u00f3n actual que incluye los puntos fuertes y d\u00e9biles del mismo.<\/p>\n\n\n\n<p>Una consulta de Feng Shui es un acto de empat\u00eda con el cliente y con su espacio. Consiste en ser capaz de ver lo que el cliente no puede ver porque no est\u00e1 a la vista o porque no desea verlo. El consultor de Feng Shui usa sus cualidades intelectuales, conocimientos, emociones, intuici\u00f3n y espiritualidad para realizarla. <\/p>\n\n\n\n<div style=\"height:39px\" aria-hidden=\"true\" class=\"wp-block-spacer\"><\/div>\n\n\n\n<blockquote class=\"wp-block-quote\"><p>Nada es bueno. Nada es malo. Solo es.<\/p><\/blockquote>\n\n\n\n<div style=\"height:43px\" aria-hidden=\"true\" class=\"wp-block-spacer\"><\/div>\n\n\n\n<p>La consulta se centra en que:<\/p>\n\n\n\n<ul><li>El cliente perciba su <strong>espacio<\/strong> como <strong>sagrado<\/strong> y lo cuide.<\/li><li>Las soluciones aportadas le permitan <strong>lograr sus objetivos<\/strong>.<\/li><\/ul>\n\n\n\n<p><strong>Pasos<\/strong> de una consulta:<\/p>\n\n\n\n<ul><li>Se informa al cliente y se concierta una cita.<\/li><li>Visita a la vivienda\/negocio en la que se recaba toda la informaci\u00f3n.<\/li><li>Se realiza un boceto de trabajo en el que se analiza la ubicaci\u00f3n, la forma del espacio, las \u00e1reas del Bagua, el ajuste espacio\/funci\u00f3n, los 5 elementos y los posibles remedios a aplicar.<\/li><li>Se entrega la propuesta al cliente y se negocian los remedios a aplicar en el espacio.<\/li><li>Se implementa la propuesta y se realiza un seguimiento.<\/li><\/ul>\n\n\n\n<div style=\"height:34px\" aria-hidden=\"true\" class=\"wp-block-spacer\"><\/div>\n\n\n\n<blockquote class=\"wp-block-quote\"><p>Si la mejor soluci\u00f3n no es posible, aplica la siguiente mejor soluci\u00f3n.<\/p><\/blockquote>\n\n\n\n<div style=\"height:35px\" aria-hidden=\"true\" class=\"wp-block-spacer\"><\/div>\n\n\n\n<p><strong>Puntos que se analizan<\/strong> en una consulta:<\/p>\n\n\n\n<ul><li><strong>Historia y antecedentes<\/strong> del espacio: qui\u00e9n lo utiliz\u00f3 antes, cu\u00e1nto tiempo hace que est\u00e1 en el espacio, c\u00f3mo le va desde que lleg\u00f3, qu\u00e9 modificaciones han sucedido en su vida, cu\u00e1ndo se han realizado los \u00faltimos cambios o modificaciones en el espacio y de qu\u00e9 tipo, etc.<\/li><li><strong>Ubicaci\u00f3n<\/strong>: si existen aguas subterr\u00e1neas, trenes, parques, hospitales, cementerios, comisar\u00edas o lagos cercanos, etc.<\/li><li><strong>Enemigos visibles<\/strong>: localizaci\u00f3n de vigas, flechas, escaleras, trasteros, etc.<\/li><li><strong>Enemigos ocultos<\/strong>: localizaci\u00f3n de bajantes, ba\u00f1os en pisos superiores, dep\u00f3sitos de agua, antenas, garajes, etc.<\/li><li><strong>Objetos<\/strong>: observar objetos, combinaciones de objetos o elementos que puedan servir como remedio Feng Shui. Qu\u00e9 se usa y qu\u00e9 no se usa y qu\u00e9 objetos son especiales para el cliente y por qu\u00e9.<\/li><li><strong>Limpieza y orden<\/strong>: localizar aver\u00edas, roturas, y estado de trasteros, altillos y armarios.<\/li><li><strong>Qu\u00e9 desea el cliente<\/strong> a corto y medio plazo.<\/li><li><strong>Mapa Bagua<\/strong>: carencias (ausencias, habitaciones conflictivas, combinaciones problem\u00e1ticas) y puntos fuertes del mismo (\u00e1reas reforzadas, habitaciones favorables, combinaciones favorables).<\/li><li><strong>Carencias<\/strong> (desequilibrios Ying Yang, desequilibrios cinco elementos, falta de coherencia ajuste espacio\/funci\u00f3n, falta de espacio para alguna funci\u00f3n, elementos desarm\u00f3nicos, elementos est\u00e1ticos, etc)  y <strong>puntos fuertes<\/strong> del espacio (equilibrio Ying Yang, equilibrio de los elementos, ajuste espacio\/funci\u00f3n, elementos arm\u00f3nicos, etc).<\/li><\/ul>\n\n\n\n<div style=\"height:33px\" aria-hidden=\"true\" class=\"wp-block-spacer\"><\/div>\n\n\n\n<blockquote class=\"wp-block-quote\"><p><\/p><p>Tanto en las consultas a particulares como en las de negocios existe una confidencialidad absoluta de todo el trabajo, incluido su nombre,<\/p><p>salvo el permiso expreso del cliente<\/p><\/blockquote>\n\n\n\n<div style=\"height:37px\" aria-hidden=\"true\" class=\"wp-block-spacer\"><\/div>\n\n\n\n<p><strong>Tipos de consulta<\/strong>:<\/p>\n\n\n\n<ul><li><strong>CONSULTAS A PARTICULARES:<\/strong> son consultas que se realizan en viviendas, ya sean pisos, viviendas unifamiliares, adosadas, apartamentos, etc.&nbsp;<\/li><li><strong>CONSULTAS A NEGOCIOS:<\/strong> son consultas que se realizan en locales comerciales, despachos, naves industriales, hospitales, edificios de oficinas, museos, etc. En este tipo de consultas se da una mayor importancia a determinados puntos que influyen en mayor medida al cliente, \u00e1reas de prosperidad y relaciones sobre todo.&nbsp;&nbsp;Adem\u00e1s, es muy importante analizar el ajuste espacio\/funci\u00f3n que pueden condicionar las jerarqu\u00edas entre los integrantes (empleados y directivos) del negocio, y por tanto, las relaciones entre ellos. Se suelen plantear objetivos a corto, medio y largo plazo en este tipo de consultas. <\/li><\/ul>\n","protected":false},"excerpt":{"rendered":"<p>Una consulta de Feng Shui consiste en realizar una primera entrevista con el cliente en la que se habla de sus inquietudes en cuanto a objetivos personales a conseguir a trav\u00e9s del Feng Shui, a continuaci\u00f3n se realiza una visita a la vivienda o negocio objeto de an\u00e1lisis para observar el estado arm\u00f3nico del espacio [&hellip;]<\/p>\n","protected":false},"author":1,"featured_media":0,"parent":0,"menu_order":0,"comment_status":"closed","ping_status":"closed","template":"","meta":[],"_links":{"self":[{"href":"https:\/\/mesquedisseny.com\/index.php\/wp-json\/wp\/v2\/pages\/1205"}],"collection":[{"href":"https:\/\/mesquedisseny.com\/index.php\/wp-json\/wp\/v2\/pages"}],"about":[{"href":"https:\/\/mesquedisseny.com\/index.php\/wp-json\/wp\/v2\/types\/page"}],"author":[{"embeddable":true,"href":"https:\/\/mesquedisseny.com\/index.php\/wp-json\/wp\/v2\/users\/1"}],"replies":[{"embeddable":true,"href":"https:\/\/mesquedisseny.com\/index.php\/wp-json\/wp\/v2\/comments?post=1205"}],"version-history":[{"count":33,"href":"https:\/\/mesquedisseny.com\/index.php\/wp-json\/wp\/v2\/pages\/1205\/revisions"}],"predecessor-version":[{"id":3049,"href":"https:\/\/mesquedisseny.com\/index.php\/wp-json\/wp\/v2\/pages\/1205\/revisions\/3049"}],"wp:attachment":[{"href":"https:\/\/mesquedisseny.com\/index.php\/wp-json\/wp\/v2\/media?parent=1205"}],"curies":[{"name":"wp","href":"https:\/\/api.w.org\/{rel}","templated":true}]}}