{"id":1207,"date":"2020-11-20T16:32:37","date_gmt":"2020-11-20T16:32:37","guid":{"rendered":"https:\/\/mesquedisseny.com\/?page_id=1207"},"modified":"2021-10-04T14:10:16","modified_gmt":"2021-10-04T14:10:16","slug":"interiorismo","status":"publish","type":"page","link":"https:\/\/mesquedisseny.com\/index.php\/interiorismo\/","title":{"rendered":"Interiorismo"},"content":{"rendered":"\n<div class=\"wp-block-media-text alignwide has-media-on-the-right is-stacked-on-mobile\"><figure class=\"wp-block-media-text__media\"><img loading=\"lazy\" width=\"1965\" height=\"900\" src=\"https:\/\/mesquedisseny.com\/wp-content\/uploads\/2020\/11\/premios-TFM1.jpg\" alt=\"\" class=\"wp-image-599 size-full\" srcset=\"https:\/\/mesquedisseny.com\/wp-content\/uploads\/2020\/11\/premios-TFM1.jpg 1965w, https:\/\/mesquedisseny.com\/wp-content\/uploads\/2020\/11\/premios-TFM1-300x137.jpg 300w, https:\/\/mesquedisseny.com\/wp-content\/uploads\/2020\/11\/premios-TFM1-768x352.jpg 768w, https:\/\/mesquedisseny.com\/wp-content\/uploads\/2020\/11\/premios-TFM1-1536x704.jpg 1536w, https:\/\/mesquedisseny.com\/wp-content\/uploads\/2020\/11\/premios-TFM1-600x275.jpg 600w\" sizes=\"(max-width: 1965px) 100vw, 1965px\" \/><\/figure><div class=\"wp-block-media-text__content\">\n<p class=\"has-normal-font-size\">Nuestro trabajo del espacio comprende viviendas, hoteles, restaurantes, oficinas y locales comerciales. De estos \u00faltimos, el proyecto puede incluir, adem\u00e1s del dise\u00f1o de interior y de su fachada, el dise\u00f1o del branding, el proceso de compra y el visual merchandising.<\/p>\n<\/div><\/div>\n\n\n\n<div class=\"wp-block-media-text alignwide is-stacked-on-mobile\" style=\"grid-template-columns:48% auto\"><figure class=\"wp-block-media-text__media\"><img loading=\"lazy\" width=\"2560\" height=\"1810\" src=\"https:\/\/mesquedisseny.com\/wp-content\/uploads\/2020\/11\/ENTREGA-FASE-COMUNICACION-MARIA-CORELLA_Pagina_08-scaled.jpg\" alt=\"\" class=\"wp-image-574 size-full\" srcset=\"https:\/\/mesquedisseny.com\/wp-content\/uploads\/2020\/11\/ENTREGA-FASE-COMUNICACION-MARIA-CORELLA_Pagina_08-scaled.jpg 2560w, https:\/\/mesquedisseny.com\/wp-content\/uploads\/2020\/11\/ENTREGA-FASE-COMUNICACION-MARIA-CORELLA_Pagina_08-300x212.jpg 300w, https:\/\/mesquedisseny.com\/wp-content\/uploads\/2020\/11\/ENTREGA-FASE-COMUNICACION-MARIA-CORELLA_Pagina_08-768x543.jpg 768w, https:\/\/mesquedisseny.com\/wp-content\/uploads\/2020\/11\/ENTREGA-FASE-COMUNICACION-MARIA-CORELLA_Pagina_08-1536x1086.jpg 1536w, https:\/\/mesquedisseny.com\/wp-content\/uploads\/2020\/11\/ENTREGA-FASE-COMUNICACION-MARIA-CORELLA_Pagina_08-2048x1448.jpg 2048w, https:\/\/mesquedisseny.com\/wp-content\/uploads\/2020\/11\/ENTREGA-FASE-COMUNICACION-MARIA-CORELLA_Pagina_08-600x424.jpg 600w\" sizes=\"(max-width: 2560px) 100vw, 2560px\" \/><\/figure><div class=\"wp-block-media-text__content\">\n<p class=\"has-normal-font-size\">Realizamos todo el proceso de dise\u00f1o desde el inicio hasta la finalizaci\u00f3n del proyecto. Partiendo de la idea que plantea el cliente, trabajamos en la b\u00fasqueda del concepto que lo convertir\u00e1 en \u00fanico y especial. A partir de ah\u00ed, el proceso de ideaci\u00f3n se acompa\u00f1a de im\u00e1genes en 3D que ayudan a entender y visualizar la propuesta planteada. Una vez se llega a un acuerdo con el cliente, se realizan los planos y detalles constructivos que conforman el proyecto ejecutivo, y que servir\u00e1n de gu\u00eda a los industriales que se contraten para dar forma al proyecto, y de base para realizar el presupuesto. Este presupuesto se intentar\u00e1 ajustar siempre lo m\u00e1ximo posible.&nbsp;<\/p>\n<\/div><\/div>\n\n\n\n<div style=\"height:82px\" aria-hidden=\"true\" class=\"wp-block-spacer\"><\/div>\n\n\n\n<div class=\"wp-block-media-text alignwide has-media-on-the-right is-stacked-on-mobile is-image-fill\" style=\"grid-template-columns:auto 48%\"><figure class=\"wp-block-media-text__media\" style=\"background-image:url(https:\/\/mesquedisseny.com\/wp-content\/uploads\/2021\/10\/20211004_154548-scaled.jpg);background-position:50% 50%\"><img loading=\"lazy\" width=\"1440\" height=\"2560\" src=\"https:\/\/mesquedisseny.com\/wp-content\/uploads\/2021\/10\/20211004_154548-scaled.jpg\" alt=\"\" class=\"wp-image-2761 size-full\" srcset=\"https:\/\/mesquedisseny.com\/wp-content\/uploads\/2021\/10\/20211004_154548-scaled.jpg 1440w, https:\/\/mesquedisseny.com\/wp-content\/uploads\/2021\/10\/20211004_154548-169x300.jpg 169w, https:\/\/mesquedisseny.com\/wp-content\/uploads\/2021\/10\/20211004_154548-768x1365.jpg 768w, https:\/\/mesquedisseny.com\/wp-content\/uploads\/2021\/10\/20211004_154548-864x1536.jpg 864w, https:\/\/mesquedisseny.com\/wp-content\/uploads\/2021\/10\/20211004_154548-1152x2048.jpg 1152w, https:\/\/mesquedisseny.com\/wp-content\/uploads\/2021\/10\/20211004_154548-600x1067.jpg 600w\" sizes=\"(max-width: 1440px) 100vw, 1440px\" \/><\/figure><div class=\"wp-block-media-text__content\">\n<p>M\u00c1S QUE DISE\u00d1O<\/p>\n\n\n\n<p class=\"has-normal-font-size\">Los espacios hablan. Por qu\u00e9 nos sentimos bien en determinados espacios y no tan bien, o incluso mal, en otros? Con \u201cespacios\u201d me refiero a viviendas, locales comerciales, oficinas, hospitales, etc.<\/p>\n\n\n\n<p class=\"has-normal-font-size\">Hay lugares en los que uno se encuentra a gusto, se siente bien y en paz, y otros,<\/p>\n\n\n\n<p class=\"has-normal-font-size\">en cambio, en los que uno puede llegar a sentirse mal, hasta tal punto de querer marcharse.<\/p>\n\n\n\n<p class=\"has-normal-font-size\">Si esto se da en un espacio en el que debemos pasar gran parte de nuestro tiempo, por tratarse de una vivienda o de un lugar de trabajo, entonces esa energ\u00eda que circula o que se encuentra estancada en \u00e9l, terminar\u00e1 influyendo positiva o negativamente en nuestra vida. Porque tal y como est\u00e1 tu casa, est\u00e1s t\u00fa.<\/p>\n\n\n\n<p class=\"has-normal-font-size\">El <a href=\"https:\/\/mesquedisseny.com\/index.php\/que-es-el-feng-shui\/\">Feng Shui<\/a> nos da las pautas para que los espacios que habitamos est\u00e9n equilibrados energ\u00e9ticamente.<\/p>\n\n\n\n<p class=\"has-normal-font-size\">Esta t\u00e9cnica milenaria china utiliza un mapa anat\u00f3mico, llamado Bagua, que divide el espacio en nueve \u00e1reas iguales pero que tienen un valor e influencia diferente.<\/p>\n\n\n\n<p class=\"has-normal-font-size\">Cada una de las \u00e1reas del Bagua corresponde con un \u00e1rea de la vida de los habitantes del espacio y tiene asociado unos colores, materiales y formas espec\u00edficos.<\/p>\n\n\n\n<p class=\"has-normal-font-size\">Si el ajuste entre los distintos elementos se realiza de forma correcta, el<br>resultado es un lugar arm\u00f3nico, agradable para vivir o trabajar, donde las<br>relaciones son fluidas y hay un ambiente de paz.<\/p>\n\n\n\n<p class=\"has-normal-font-size\">Las <a href=\"https:\/\/mesquedisseny.com\/index.php\/en-que-consiste-una-consulta\/\">consultas<\/a> de <a href=\"https:\/\/mesquedisseny.com\/index.php\/que-es-el-feng-shui\/\">Feng Shui<\/a> pueden realizarse tanto para viviendas como para negocios.<\/p>\n<\/div><\/div>\n","protected":false},"excerpt":{"rendered":"<p>Nuestro trabajo del espacio comprende viviendas, hoteles, restaurantes, oficinas y locales comerciales. De estos \u00faltimos, el proyecto puede incluir, adem\u00e1s del dise\u00f1o de interior y de su fachada, el dise\u00f1o del branding, el proceso de compra y el visual merchandising. Realizamos todo el proceso de dise\u00f1o desde el inicio hasta la finalizaci\u00f3n del proyecto. Partiendo [&hellip;]<\/p>\n","protected":false},"author":1,"featured_media":0,"parent":0,"menu_order":0,"comment_status":"closed","ping_status":"closed","template":"","meta":[],"_links":{"self":[{"href":"https:\/\/mesquedisseny.com\/index.php\/wp-json\/wp\/v2\/pages\/1207"}],"collection":[{"href":"https:\/\/mesquedisseny.com\/index.php\/wp-json\/wp\/v2\/pages"}],"about":[{"href":"https:\/\/mesquedisseny.com\/index.php\/wp-json\/wp\/v2\/types\/page"}],"author":[{"embeddable":true,"href":"https:\/\/mesquedisseny.com\/index.php\/wp-json\/wp\/v2\/users\/1"}],"replies":[{"embeddable":true,"href":"https:\/\/mesquedisseny.com\/index.php\/wp-json\/wp\/v2\/comments?post=1207"}],"version-history":[{"count":35,"href":"https:\/\/mesquedisseny.com\/index.php\/wp-json\/wp\/v2\/pages\/1207\/revisions"}],"predecessor-version":[{"id":2766,"href":"https:\/\/mesquedisseny.com\/index.php\/wp-json\/wp\/v2\/pages\/1207\/revisions\/2766"}],"wp:attachment":[{"href":"https:\/\/mesquedisseny.com\/index.php\/wp-json\/wp\/v2\/media?parent=1207"}],"curies":[{"name":"wp","href":"https:\/\/api.w.org\/{rel}","templated":true}]}}